{"id":4,"date":"2014-09-29T08:57:43","date_gmt":"2014-09-29T08:57:43","guid":{"rendered":"https:\/\/www.siegfried-michael.de\/wpsm\/?page_id=4"},"modified":"2017-02-09T15:35:01","modified_gmt":"2017-02-09T15:35:01","slug":"ueber-siegfried-michael","status":"publish","type":"page","link":"https:\/\/www.siegfried-michael.de\/wpsm\/?page_id=4","title":{"rendered":"\u00dcber Siegfried Michael"},"content":{"rendered":"<p><strong>Bilder entstehen im Kopf<\/strong><\/p>\n<p><img loading=\"lazy\" decoding=\"async\" class=\"alignleft size-full wp-image-93\" src=\"http:\/\/www.siegfried-michael.de\/wpsm\/wp-content\/uploads\/2014\/09\/siegfried-josef-michael.png\" alt=\"siegfried-josef-michael\" width=\"400\" height=\"286\" srcset=\"https:\/\/www.siegfried-michael.de\/wpsm\/wp-content\/uploads\/2014\/09\/siegfried-josef-michael.png 400w, https:\/\/www.siegfried-michael.de\/wpsm\/wp-content\/uploads\/2014\/09\/siegfried-josef-michael-300x214.png 300w\" sizes=\"auto, (max-width: 400px) 100vw, 400px\" \/>Als drittes Kind einer siebenk\u00f6pfigen Familie wurde Siegfried Michael am 02. August 1952 in Welplage &#8211; Hunteburg bei Osnabr\u00fcck geboren.<\/p>\n<p>Seine Neigung zum Umgang mit Farben, konnte er erst mit 44 Jahren umsetzen, da er die Ruhe zum Malen in seiner Freizeit fand.<\/p>\n<p>Der Mensch Siegfried Michael, Unternehmer und Selfmademan, erarbeitete aus seinem Berufsleben eine anschauliche Unternehmensgruppe, wozu z.B. die <a href=\"http:\/\/www.michael-telecom.de\" target=\"_blank\">MICHAELTELECOM AG<\/a> und die<a href=\"http:\/\/www.mabo-gmbh.de\" target=\"_blank\"> MABO GmbH<\/a> geh\u00f6rt.<\/p>\n<p>Seine Kenntnisse und maltechnischen F\u00e4higkeiten erwarb Siegfried Josef Michael durch intensives Selbststudium und durch Weiterbildung bei Rose Adrian &#8211; Trienen in Hamburg.<\/p>\n<p>Er bereist die ganze Welt um Ideen zu sammeln. Ihm ist kein Land zu fern, kein Berg zu hoch und keine See zu st\u00fcrmisch um sich Inspiration zu holen.<\/p>\n<p>Wer Siegfried Michael kennt, misst ihn an seinen Taten. Er geht immer nach au\u00dfen. Eine Facette seiner lebensbejahenden Kraft wird hier \u00f6ffentlich. Er experimentiert mit dem Material. Es entstehen Fl\u00e4chen, die immer wieder von Linien, Strukturen und Erhebungen unterbrochen werden.<\/p>\n<p>Wer sich fragt, was Siegfried Michael mit seinen Bildern ausl\u00f6sen will, muss die Bedeutung des Bildes f\u00fcr sich hinterfragen: Noch vor der Schrift kam das Bild und eine Abbildung war Symbol f\u00fcr eine Aussage.<\/p>\n<p>Einem Besucher, der beim Anblick der Bilder von Siegfried Josef Michael ausruft: &#8222;Das kann ich doch auch!&#8220;, wird er entgegen werfen: &#8222;Nur zu!&#8220;<\/p>\n","protected":false},"excerpt":{"rendered":"<p>Bilder entstehen im Kopf Als drittes Kind einer siebenk\u00f6pfigen Familie wurde Siegfried Michael am 02. August 1952 in Welplage &#8211; Hunteburg bei Osnabr\u00fcck geboren. Seine Neigung zum Umgang mit Farben, konnte er erst mit 44 Jahren umsetzen, da er die Ruhe zum Malen in seiner Freizeit fand. Der Mensch Siegfried Michael, Unternehmer und Selfmademan, erarbeitete [&hellip;]<\/p>\n","protected":false},"author":1,"featured_media":0,"parent":0,"menu_order":0,"comment_status":"closed","ping_status":"closed","template":"","meta":{"footnotes":""},"class_list":["post-4","page","type-page","status-publish","hentry"],"aioseo_notices":[],"_links":{"self":[{"href":"https:\/\/www.siegfried-michael.de\/wpsm\/index.php?rest_route=\/wp\/v2\/pages\/4","targetHints":{"allow":["GET"]}}],"collection":[{"href":"https:\/\/www.siegfried-michael.de\/wpsm\/index.php?rest_route=\/wp\/v2\/pages"}],"about":[{"href":"https:\/\/www.siegfried-michael.de\/wpsm\/index.php?rest_route=\/wp\/v2\/types\/page"}],"author":[{"embeddable":true,"href":"https:\/\/www.siegfried-michael.de\/wpsm\/index.php?rest_route=\/wp\/v2\/users\/1"}],"replies":[{"embeddable":true,"href":"https:\/\/www.siegfried-michael.de\/wpsm\/index.php?rest_route=%2Fwp%2Fv2%2Fcomments&post=4"}],"version-history":[{"count":0,"href":"https:\/\/www.siegfried-michael.de\/wpsm\/index.php?rest_route=\/wp\/v2\/pages\/4\/revisions"}],"wp:attachment":[{"href":"https:\/\/www.siegfried-michael.de\/wpsm\/index.php?rest_route=%2Fwp%2Fv2%2Fmedia&parent=4"}],"curies":[{"name":"wp","href":"https:\/\/api.w.org\/{rel}","templated":true}]}}