{"id":7,"date":"2014-09-29T08:59:23","date_gmt":"2014-09-29T08:59:23","guid":{"rendered":"https:\/\/www.siegfried-michael.de\/wpsm\/?page_id=7"},"modified":"2015-12-08T07:52:06","modified_gmt":"2015-12-08T07:52:06","slug":"ausstellung","status":"publish","type":"page","link":"https:\/\/www.siegfried-michael.de\/wpsm\/?page_id=7","title":{"rendered":"Ausstellungen"},"content":{"rendered":"<p><strong>Ausstellungen<\/strong><br \/>\nAb 1999 folgten Einzelausstellungen sowie Ausstellungsbeteiligungen in Bohmte, Osnabr\u00fcck, Bad Iburg, Bad Essen, M\u00fcnchen, Aachen und Javea in Spanien.<\/p>\n<p>St\u00e4ndige Ausstellung in den R\u00e4umlichkeiten der <a href=\"http:\/\/www.michael-telecom.de\" target=\"_blank\">MICHAELTELECOM AG<\/a> &#8211; Bruchheide 34 und der <a href=\"http:\/\/www.mabo-gmbh.de\" target=\"_blank\">MABO GmbH<\/a> &#8211; Heggenkamp 22 in Bohmte.<\/p>\n<p>Der Gang an die \u00d6ffentlichkeit verschafft Siegfried Michael viel konstruktive Diskussion und die pers\u00f6nliche Motivation seine Arbeit an der Leinwand weiter zu verfolgen.<\/p>\n<p>Die Bilder von Siegfried Michael finden Liebhaber in den unterschiedlichsten Bev\u00f6lkerungsgruppen und bereichern mit ihrer Ausdruckskraft private Sammlungen ebenso wie die Vorstandsetagen von Wirtschaftsunternehmen.<\/p>\n","protected":false},"excerpt":{"rendered":"<p>Ausstellungen Ab 1999 folgten Einzelausstellungen sowie Ausstellungsbeteiligungen in Bohmte, Osnabr\u00fcck, Bad Iburg, Bad Essen, M\u00fcnchen, Aachen und Javea in Spanien. St\u00e4ndige Ausstellung in den R\u00e4umlichkeiten der MICHAELTELECOM AG &#8211; Bruchheide 34 und der MABO GmbH &#8211; Heggenkamp 22 in Bohmte. Der Gang an die \u00d6ffentlichkeit verschafft Siegfried Michael viel konstruktive Diskussion und die pers\u00f6nliche Motivation [&hellip;]<\/p>\n","protected":false},"author":1,"featured_media":0,"parent":0,"menu_order":0,"comment_status":"closed","ping_status":"closed","template":"page-full-width.php","meta":{"footnotes":""},"class_list":["post-7","page","type-page","status-publish","hentry"],"aioseo_notices":[],"_links":{"self":[{"href":"https:\/\/www.siegfried-michael.de\/wpsm\/index.php?rest_route=\/wp\/v2\/pages\/7","targetHints":{"allow":["GET"]}}],"collection":[{"href":"https:\/\/www.siegfried-michael.de\/wpsm\/index.php?rest_route=\/wp\/v2\/pages"}],"about":[{"href":"https:\/\/www.siegfried-michael.de\/wpsm\/index.php?rest_route=\/wp\/v2\/types\/page"}],"author":[{"embeddable":true,"href":"https:\/\/www.siegfried-michael.de\/wpsm\/index.php?rest_route=\/wp\/v2\/users\/1"}],"replies":[{"embeddable":true,"href":"https:\/\/www.siegfried-michael.de\/wpsm\/index.php?rest_route=%2Fwp%2Fv2%2Fcomments&post=7"}],"version-history":[{"count":0,"href":"https:\/\/www.siegfried-michael.de\/wpsm\/index.php?rest_route=\/wp\/v2\/pages\/7\/revisions"}],"wp:attachment":[{"href":"https:\/\/www.siegfried-michael.de\/wpsm\/index.php?rest_route=%2Fwp%2Fv2%2Fmedia&parent=7"}],"curies":[{"name":"wp","href":"https:\/\/api.w.org\/{rel}","templated":true}]}}